{"id":2144,"date":"2025-11-28T13:07:02","date_gmt":"2025-11-28T13:07:02","guid":{"rendered":"https:\/\/dreamvacation.es\/?page_id=2144"},"modified":"2025-12-23T14:40:20","modified_gmt":"2025-12-23T14:40:20","slug":"aviso-legal","status":"publish","type":"page","link":"https:\/\/dreamvacation.es\/en\/aviso-legal\/","title":{"rendered":"Aviso Legal"},"content":{"rendered":"<div data-elementor-type=\"wp-page\" data-elementor-id=\"2144\" class=\"elementor elementor-2144\" data-elementor-post-type=\"page\">\n\t\t\t\t<div class=\"elementor-element elementor-element-518cca8 aviso-legal-wrap e-flex e-con-boxed e-con e-parent\" data-id=\"518cca8\" data-element_type=\"container\">\n\t\t\t\t\t<div class=\"e-con-inner\">\n\t\t\t\t<div class=\"elementor-element elementor-element-acf8c6c exad-sticky-section-no exad-glass-effect-no elementor-widget elementor-widget-heading\" data-id=\"acf8c6c\" data-element_type=\"widget\" data-widget_type=\"heading.default\">\n\t\t\t\t<div class=\"elementor-widget-container\">\n\t\t\t\t\t<h2 class=\"elementor-heading-title elementor-size-default\">Aviso Legal<\/h2>\t\t\t\t<\/div>\n\t\t\t\t<\/div>\n\t\t\t\t<div class=\"elementor-element elementor-element-4360e10 exad-sticky-section-no exad-glass-effect-no elementor-widget elementor-widget-text-editor\" data-id=\"4360e10\" data-element_type=\"widget\" data-widget_type=\"text-editor.default\">\n\t\t\t\t<div class=\"elementor-widget-container\">\n\t\t\t\t\t\t\t\t\tEn cumplimiento del deber de informaci\u00f3n recogido en el art\u00edculo 10 de la Ley 34\/2002 (LSSI-CE), se informa:\n<ul>\n \t<li>Titular del sitio web: Dream Vacation<\/li>\n \t<li>Condici\u00f3n: Aut\u00f3nomo<\/li>\n \t<li>Actividad: Gesti\u00f3n y comercializaci\u00f3n de viviendas vacacionales en Tenerife (Islas Canarias)<\/li>\n \t<li>Correo electr\u00f3nico de contacto: info@dreamvacation.com\n<\/li>\n \t<li>Sitio web: https:\/\/dreamvacation.es<\/li>\n<\/ul>\nEl presente sitio web tiene por objeto la intermediaci\u00f3n, gesti\u00f3n y reserva de alojamientos tur\u00edsticos.\nLos datos completos del titular constan en la documentaci\u00f3n contractual y fiscal correspondiente y se facilitan a las autoridades y consumidores cuando legalmente procede.\n<h6>Usuarios<\/h6>\nEl acceso y\/o uso de este sitio web atribuye la condici\u00f3n de Usuario, quien acepta desde dicho acceso las presentes condiciones.\n<h6>Uso del sitio web<\/h6>\nEl Usuario se compromete a hacer un uso adecuado de la web, quedando prohibido el uso con fines il\u00edcitos o que puedan causar perjuicio a Dream Vacation o a terceros.\n<h6>Propiedad intelectual<\/h6>\nTodos los contenidos son titularidad de Dream Vacation o de terceros autorizados. Queda prohibida su reproducci\u00f3n sin autorizaci\u00f3n.\n<h6>Responsabilidad<\/h6>\nDream Vacation no se responsabiliza del mal uso de la web ni de interrupciones por causas t\u00e9cnicas.\n<h6>Legislaci\u00f3n aplicable<\/h6>\nLa relaci\u00f3n entre usuario y titular se regir\u00e1 por la legislaci\u00f3n espa\u00f1ola. Las controversias se someter\u00e1n a los Juzgados y Tribunales de Santa Cruz de Tenerife.\t\t\t\t\t\t\t\t<\/div>\n\t\t\t\t<\/div>\n\t\t\t\t<div class=\"elementor-element elementor-element-80d0c36 exad-sticky-section-no exad-glass-effect-no elementor-widget elementor-widget-html\" data-id=\"80d0c36\" data-element_type=\"widget\" data-widget_type=\"html.default\">\n\t\t\t\t<div class=\"elementor-widget-container\">\n\t\t\t\t\t<style>\r\n\r\n.page-header h1.entry-title {\r\n    display: none;\r\n}\r\n\r\n.aviso-legal-wrap p {\r\n    margin-bottom: 1rem;\r\n    font-size: 1rem;\r\n    line-height: 1.15rem;\r\n    letter-spacing: 0.0125rem;\r\n}\r\n\r\n.aviso-legal-wrap ul {\r\n    margin-bottom: 1rem;\r\n    margin-top: 0.25rem;\r\n}\r\n\r\n.aviso-legal-wrap ul li {\r\n    font-size: 1rem;\r\n    line-height: 1.15rem;\r\n    letter-spacing: 0.0125rem;\r\n}\r\n\r\n.aviso-legal-wrap h6 {\r\n    font-size: 1.05rem;\r\n    line-height: 1.25rem;\r\n    letter-spacing: 0.0125rem;\r\n    text-transform: capitalize;\r\n    margin-top: 1rem;\r\n    margin-bottom: 0.25rem;\r\n}\r\n    \r\n<\/style>\t\t\t\t<\/div>\n\t\t\t\t<\/div>\n\t\t\t\t\t<\/div>\n\t\t\t\t<\/div>\n\t\t\t\t<\/div>","protected":false},"excerpt":{"rendered":"<p>Aviso Legal En cumplimiento del deber de informaci\u00f3n recogido en el art\u00edculo 10 de la Ley 34\/2002 (LSSI-CE), se informa: Titular del sitio web: Dream Vacation Condici\u00f3n: Aut\u00f3nomo Actividad: Gesti\u00f3n y comercializaci\u00f3n de viviendas vacacionales en Tenerife (Islas Canarias) Correo electr\u00f3nico de contacto: info@dreamvacation.com Sitio web: https:\/\/dreamvacation.es El presente sitio web tiene por objeto la [&hellip;]<\/p>","protected":false},"author":3,"featured_media":0,"parent":0,"menu_order":0,"comment_status":"closed","ping_status":"closed","template":"","meta":{"_acf_changed":false,"footnotes":""},"class_list":["post-2144","page","type-page","status-publish","hentry"],"acf":[],"_links":{"self":[{"href":"https:\/\/dreamvacation.es\/en\/wp-json\/wp\/v2\/pages\/2144","targetHints":{"allow":["GET"]}}],"collection":[{"href":"https:\/\/dreamvacation.es\/en\/wp-json\/wp\/v2\/pages"}],"about":[{"href":"https:\/\/dreamvacation.es\/en\/wp-json\/wp\/v2\/types\/page"}],"author":[{"embeddable":true,"href":"https:\/\/dreamvacation.es\/en\/wp-json\/wp\/v2\/users\/3"}],"replies":[{"embeddable":true,"href":"https:\/\/dreamvacation.es\/en\/wp-json\/wp\/v2\/comments?post=2144"}],"version-history":[{"count":42,"href":"https:\/\/dreamvacation.es\/en\/wp-json\/wp\/v2\/pages\/2144\/revisions"}],"predecessor-version":[{"id":2701,"href":"https:\/\/dreamvacation.es\/en\/wp-json\/wp\/v2\/pages\/2144\/revisions\/2701"}],"wp:attachment":[{"href":"https:\/\/dreamvacation.es\/en\/wp-json\/wp\/v2\/media?parent=2144"}],"curies":[{"name":"wp","href":"https:\/\/api.w.org\/{rel}","templated":true}]}}