{"id":2217,"date":"2025-11-28T13:54:37","date_gmt":"2025-11-28T13:54:37","guid":{"rendered":"https:\/\/dreamvacation.es\/?page_id=2217"},"modified":"2025-12-23T14:41:28","modified_gmt":"2025-12-23T14:41:28","slug":"politica-de-cookies","status":"publish","type":"page","link":"https:\/\/dreamvacation.es\/en\/politica-de-cookies\/","title":{"rendered":"Pol\u00edtica de Cookies"},"content":{"rendered":"<div data-elementor-type=\"wp-page\" data-elementor-id=\"2217\" class=\"elementor elementor-2217\" data-elementor-post-type=\"page\">\n\t\t\t\t<div class=\"elementor-element elementor-element-d43458b aviso-legal-wrap e-flex e-con-boxed e-con e-parent\" data-id=\"d43458b\" data-element_type=\"container\">\n\t\t\t\t\t<div class=\"e-con-inner\">\n\t\t\t\t<div class=\"elementor-element elementor-element-2193cc1 exad-sticky-section-no exad-glass-effect-no elementor-widget elementor-widget-heading\" data-id=\"2193cc1\" data-element_type=\"widget\" data-widget_type=\"heading.default\">\n\t\t\t\t<div class=\"elementor-widget-container\">\n\t\t\t\t\t<h2 class=\"elementor-heading-title elementor-size-default\">Pol\u00edtica de Cookies<\/h2>\t\t\t\t<\/div>\n\t\t\t\t<\/div>\n\t\t\t\t<div class=\"elementor-element elementor-element-fa39885 exad-sticky-section-no exad-glass-effect-no elementor-widget elementor-widget-html\" data-id=\"fa39885\" data-element_type=\"widget\" data-widget_type=\"html.default\">\n\t\t\t\t<div class=\"elementor-widget-container\">\n\t\t\t\t\t<p>Esta web utiliza cookies propias y de terceros para permitir su correcto funcionamiento y mejorar la experiencia de usuario.<\/p>\r\n\r\n<p>Tipos de cookies que pueden utilizarse:<\/p>\r\n<ul>\r\n\t<li>T\u00e9cnicas (necesarias)<\/li>\r\n\t<li>Anal\u00edticas<\/li>\r\n\t<li>De personalizaci\u00f3n<\/li>\r\n\t<li>Publicitarias<\/li>\r\n<\/ul>\r\n\r\n<p>El usuario puede aceptar, configurar o rechazar las cookies desde su navegador o desde el panel de configuraci\u00f3n de cookies.<\/p>\t\t\t\t<\/div>\n\t\t\t\t<\/div>\n\t\t\t\t<div class=\"elementor-element elementor-element-f2bca60 exad-sticky-section-no exad-glass-effect-no elementor-widget elementor-widget-html\" data-id=\"f2bca60\" data-element_type=\"widget\" data-widget_type=\"html.default\">\n\t\t\t\t<div class=\"elementor-widget-container\">\n\t\t\t\t\t<style>\r\n\r\n.page-header h1.entry-title {\r\n    display: none;\r\n}\r\n\r\n.aviso-legal-wrap p {\r\n    margin-bottom: 1rem;\r\n    font-size: 1rem;\r\n    line-height: 1.15rem;\r\n    letter-spacing: 0.0125rem;\r\n}\r\n\r\n.aviso-legal-wrap ul {\r\n    margin-bottom: 1rem;\r\n    margin-top: 0.25rem;\r\n}\r\n\r\n.aviso-legal-wrap ul li {\r\n    font-size: 1rem;\r\n    line-height: 1.15rem;\r\n    letter-spacing: 0.0125rem;\r\n}\r\n\r\n.aviso-legal-wrap h6 {\r\n    font-size: 1.05rem;\r\n    line-height: 1.25rem;\r\n    letter-spacing: 0.0125rem;\r\n    text-transform: capitalize;\r\n    margin-top: 1rem;\r\n    margin-bottom: 0.25rem;\r\n}\r\n    \r\n<\/style>\t\t\t\t<\/div>\n\t\t\t\t<\/div>\n\t\t\t\t\t<\/div>\n\t\t\t\t<\/div>\n\t\t\t\t<\/div>","protected":false},"excerpt":{"rendered":"<p>Pol\u00edtica de Cookies Esta web utiliza cookies propias y de terceros para permitir su correcto funcionamiento y mejorar la experiencia de usuario. Tipos de cookies que pueden utilizarse: T\u00e9cnicas (necesarias) Anal\u00edticas De personalizaci\u00f3n Publicitarias El usuario puede aceptar, configurar o rechazar las cookies desde su navegador o desde el panel de configuraci\u00f3n de cookies.<\/p>","protected":false},"author":3,"featured_media":0,"parent":0,"menu_order":0,"comment_status":"closed","ping_status":"closed","template":"","meta":{"_acf_changed":false,"footnotes":""},"class_list":["post-2217","page","type-page","status-publish","hentry"],"acf":[],"_links":{"self":[{"href":"https:\/\/dreamvacation.es\/en\/wp-json\/wp\/v2\/pages\/2217","targetHints":{"allow":["GET"]}}],"collection":[{"href":"https:\/\/dreamvacation.es\/en\/wp-json\/wp\/v2\/pages"}],"about":[{"href":"https:\/\/dreamvacation.es\/en\/wp-json\/wp\/v2\/types\/page"}],"author":[{"embeddable":true,"href":"https:\/\/dreamvacation.es\/en\/wp-json\/wp\/v2\/users\/3"}],"replies":[{"embeddable":true,"href":"https:\/\/dreamvacation.es\/en\/wp-json\/wp\/v2\/comments?post=2217"}],"version-history":[{"count":10,"href":"https:\/\/dreamvacation.es\/en\/wp-json\/wp\/v2\/pages\/2217\/revisions"}],"predecessor-version":[{"id":2707,"href":"https:\/\/dreamvacation.es\/en\/wp-json\/wp\/v2\/pages\/2217\/revisions\/2707"}],"wp:attachment":[{"href":"https:\/\/dreamvacation.es\/en\/wp-json\/wp\/v2\/media?parent=2217"}],"curies":[{"name":"wp","href":"https:\/\/api.w.org\/{rel}","templated":true}]}}